{"id":11206,"date":"2025-07-31T19:05:15","date_gmt":"2025-07-31T16:05:15","guid":{"rendered":"https:\/\/www.selfdrivelatvia.com\/?post_type=product&#038;p=11206"},"modified":"2025-07-31T20:27:34","modified_gmt":"2025-07-31T17:27:34","slug":"4x4-tour-experts-pakalpojums","status":"publish","type":"product","link":"https:\/\/www.selfdrivelatvia.com\/en\/product\/4x4-tour-experts-pakalpojums\/","title":{"rendered":"&#8220;4&#215;4 Tour Experts&#8221; pakalpojums"},"content":{"rendered":"<p>\u0160eit Tu vari ieg\u0101d\u0101ties k\u0101du no &#8220;4&#215;4 Tour Experts&#8221; sniegtajiem pakalpojumiem.<\/p>\n<p>Atliek izv\u0113l\u0113ties nepiecie\u0161amo pakalpojuma v\u0113rt\u012bbu un veikt apmaksu ar bankas karti vai PayPal!<\/p>\n<p>Ja apmaksas proces\u0101 rodas k\u0101das gr\u016bt\u012bbas vai jaut\u0101jumi, l\u016bdzam sazin\u0101ties ar mani, Edv\u012bnu Baueru pa t\u0101lruni: +371 29 424 541<\/p>\n","protected":false},"excerpt":{"rendered":"<p>\u0160eit Tu vari ieg\u0101d\u0101ties k\u0101du no &#8220;4&#215;4 Tour Experts&#8221; sniegtajiem pakalpojumiem. Atliek izv\u0113l\u0113ties nepiecie\u0161amo pakalpojuma v\u0113rt\u012bbu un veikt apmaksu ar bankas karti vai PayPal! Ja apmaksas proces\u0101 rodas k\u0101das gr\u016bt\u012bbas vai jaut\u0101jumi, l\u016bdzam sazin\u0101ties ar mani, Edv\u012bnu Baueru pa t\u0101lruni: +371 29 424 541<\/p>\n","protected":false},"featured_media":11230,"comment_status":"closed","ping_status":"closed","template":"","meta":[],"product_brand":[],"product_cat":[191],"product_tag":[],"class_list":{"0":"post-11206","1":"product","2":"type-product","3":"status-publish","4":"has-post-thumbnail","6":"product_cat-davanu_karte","8":"first","9":"instock","10":"purchasable","11":"product-type-pw-gift-card"},"yoast_head":"<!-- This site is optimized with the Yoast SEO plugin v27.0 - https:\/\/yoast.com\/product\/yoast-seo-wordpress\/ -->\n<title>&quot;4x4 Tour Experts&quot; pakalpojums - Self Drive Latvia<\/title>\n<meta name=\"description\" content=\"D\u0101vini sv\u0113tkos piedz\u012bvojumu! Unik\u0101la d\u0101vana - \u012bpa\u0161i izveidoti auto ce\u013cojumu mar\u0161ruti pa Latvijas skaist\u0101kaj\u0101m un apsl\u0113pt\u0101kaj\u0101m viet\u0101m.\" \/>\n<meta name=\"robots\" content=\"index, follow, max-snippet:-1, max-image-preview:large, max-video-preview:-1\" \/>\n<link rel=\"canonical\" href=\"https:\/\/www.selfdrivelatvia.com\/en\/product\/4x4-tour-experts-pakalpojums\/\" \/>\n<meta property=\"og:locale\" content=\"en_US\" \/>\n<meta property=\"og:type\" content=\"article\" \/>\n<meta property=\"og:title\" content=\"&quot;4x4 Tour Experts&quot; pakalpojums - Self Drive Latvia\" \/>\n<meta property=\"og:description\" content=\"D\u0101vini sv\u0113tkos piedz\u012bvojumu! Unik\u0101la d\u0101vana - \u012bpa\u0161i izveidoti auto ce\u013cojumu mar\u0161ruti pa Latvijas skaist\u0101kaj\u0101m un apsl\u0113pt\u0101kaj\u0101m viet\u0101m.\" \/>\n<meta property=\"og:url\" content=\"https:\/\/www.selfdrivelatvia.com\/en\/product\/4x4-tour-experts-pakalpojums\/\" \/>\n<meta property=\"og:site_name\" content=\"Self Drive Latvia\" \/>\n<meta property=\"article:modified_time\" content=\"2025-07-31T17:27:34+00:00\" \/>\n<meta property=\"og:image\" content=\"https:\/\/www.selfdrivelatvia.com\/wp-content\/uploads\/2025\/07\/DSC_0116-1024x680-2.jpg\" \/>\n\t<meta property=\"og:image:width\" content=\"1024\" \/>\n\t<meta property=\"og:image:height\" content=\"680\" \/>\n\t<meta property=\"og:image:type\" content=\"image\/jpeg\" \/>\n<meta name=\"twitter:card\" content=\"summary_large_image\" \/>\n<meta name=\"twitter:label1\" content=\"Est. reading time\" \/>\n\t<meta name=\"twitter:data1\" content=\"1 minute\" \/>\n<script type=\"application\/ld+json\" class=\"yoast-schema-graph\">{\"@context\":\"https:\/\/schema.org\",\"@graph\":[{\"@type\":\"WebPage\",\"@id\":\"https:\/\/www.selfdrivelatvia.com\/en\/product\/4x4-tour-experts-pakalpojums\/\",\"url\":\"https:\/\/www.selfdrivelatvia.com\/en\/product\/4x4-tour-experts-pakalpojums\/\",\"name\":\"\\\"4x4 Tour Experts\\\" pakalpojums - Self Drive Latvia\",\"isPartOf\":{\"@id\":\"https:\/\/www.selfdrivelatvia.com\/en\/#website\"},\"primaryImageOfPage\":{\"@id\":\"https:\/\/www.selfdrivelatvia.com\/en\/product\/4x4-tour-experts-pakalpojums\/#primaryimage\"},\"image\":{\"@id\":\"https:\/\/www.selfdrivelatvia.com\/en\/product\/4x4-tour-experts-pakalpojums\/#primaryimage\"},\"thumbnailUrl\":\"https:\/\/www.selfdrivelatvia.com\/wp-content\/uploads\/2025\/07\/DSC_0116-1024x680-2.jpg\",\"datePublished\":\"2025-07-31T16:05:15+00:00\",\"dateModified\":\"2025-07-31T17:27:34+00:00\",\"description\":\"D\u0101vini sv\u0113tkos piedz\u012bvojumu! Unik\u0101la d\u0101vana - \u012bpa\u0161i izveidoti auto ce\u013cojumu mar\u0161ruti pa Latvijas skaist\u0101kaj\u0101m un apsl\u0113pt\u0101kaj\u0101m viet\u0101m.\",\"breadcrumb\":{\"@id\":\"https:\/\/www.selfdrivelatvia.com\/en\/product\/4x4-tour-experts-pakalpojums\/#breadcrumb\"},\"inLanguage\":\"en-US\",\"potentialAction\":[{\"@type\":\"ReadAction\",\"target\":[\"https:\/\/www.selfdrivelatvia.com\/en\/product\/4x4-tour-experts-pakalpojums\/\"]}]},{\"@type\":\"ImageObject\",\"inLanguage\":\"en-US\",\"@id\":\"https:\/\/www.selfdrivelatvia.com\/en\/product\/4x4-tour-experts-pakalpojums\/#primaryimage\",\"url\":\"https:\/\/www.selfdrivelatvia.com\/wp-content\/uploads\/2025\/07\/DSC_0116-1024x680-2.jpg\",\"contentUrl\":\"https:\/\/www.selfdrivelatvia.com\/wp-content\/uploads\/2025\/07\/DSC_0116-1024x680-2.jpg\",\"width\":1024,\"height\":680},{\"@type\":\"BreadcrumbList\",\"@id\":\"https:\/\/www.selfdrivelatvia.com\/en\/product\/4x4-tour-experts-pakalpojums\/#breadcrumb\",\"itemListElement\":[{\"@type\":\"ListItem\",\"position\":1,\"name\":\"Home\",\"item\":\"https:\/\/www.selfdrivelatvia.com\/en\/\"},{\"@type\":\"ListItem\",\"position\":2,\"name\":\"Shop\",\"item\":\"https:\/\/www.selfdrivelatvia.com\/en\/shop-2\/\"},{\"@type\":\"ListItem\",\"position\":3,\"name\":\"&#8220;4&#215;4 Tour Experts&#8221; pakalpojums\"}]},{\"@type\":\"WebSite\",\"@id\":\"https:\/\/www.selfdrivelatvia.com\/en\/#website\",\"url\":\"https:\/\/www.selfdrivelatvia.com\/en\/\",\"name\":\"Self Drive Latvia\",\"description\":\"Auto ce\u013cojumu mar\u0161ruti pa Latviju\",\"potentialAction\":[{\"@type\":\"SearchAction\",\"target\":{\"@type\":\"EntryPoint\",\"urlTemplate\":\"https:\/\/www.selfdrivelatvia.com\/en\/?s={search_term_string}\"},\"query-input\":{\"@type\":\"PropertyValueSpecification\",\"valueRequired\":true,\"valueName\":\"search_term_string\"}}],\"inLanguage\":\"en-US\"}]}<\/script>\n<!-- \/ Yoast SEO plugin. -->","yoast_head_json":{"title":"\"4x4 Tour Experts\" pakalpojums - Self Drive Latvia","description":"D\u0101vini sv\u0113tkos piedz\u012bvojumu! Unik\u0101la d\u0101vana - \u012bpa\u0161i izveidoti auto ce\u013cojumu mar\u0161ruti pa Latvijas skaist\u0101kaj\u0101m un apsl\u0113pt\u0101kaj\u0101m viet\u0101m.","robots":{"index":"index","follow":"follow","max-snippet":"max-snippet:-1","max-image-preview":"max-image-preview:large","max-video-preview":"max-video-preview:-1"},"canonical":"https:\/\/www.selfdrivelatvia.com\/en\/product\/4x4-tour-experts-pakalpojums\/","og_locale":"en_US","og_type":"article","og_title":"\"4x4 Tour Experts\" pakalpojums - Self Drive Latvia","og_description":"D\u0101vini sv\u0113tkos piedz\u012bvojumu! Unik\u0101la d\u0101vana - \u012bpa\u0161i izveidoti auto ce\u013cojumu mar\u0161ruti pa Latvijas skaist\u0101kaj\u0101m un apsl\u0113pt\u0101kaj\u0101m viet\u0101m.","og_url":"https:\/\/www.selfdrivelatvia.com\/en\/product\/4x4-tour-experts-pakalpojums\/","og_site_name":"Self Drive Latvia","article_modified_time":"2025-07-31T17:27:34+00:00","og_image":[{"width":1024,"height":680,"url":"https:\/\/www.selfdrivelatvia.com\/wp-content\/uploads\/2025\/07\/DSC_0116-1024x680-2.jpg","type":"image\/jpeg"}],"twitter_card":"summary_large_image","twitter_misc":{"Est. reading time":"1 minute"},"schema":{"@context":"https:\/\/schema.org","@graph":[{"@type":"WebPage","@id":"https:\/\/www.selfdrivelatvia.com\/en\/product\/4x4-tour-experts-pakalpojums\/","url":"https:\/\/www.selfdrivelatvia.com\/en\/product\/4x4-tour-experts-pakalpojums\/","name":"\"4x4 Tour Experts\" pakalpojums - Self Drive Latvia","isPartOf":{"@id":"https:\/\/www.selfdrivelatvia.com\/en\/#website"},"primaryImageOfPage":{"@id":"https:\/\/www.selfdrivelatvia.com\/en\/product\/4x4-tour-experts-pakalpojums\/#primaryimage"},"image":{"@id":"https:\/\/www.selfdrivelatvia.com\/en\/product\/4x4-tour-experts-pakalpojums\/#primaryimage"},"thumbnailUrl":"https:\/\/www.selfdrivelatvia.com\/wp-content\/uploads\/2025\/07\/DSC_0116-1024x680-2.jpg","datePublished":"2025-07-31T16:05:15+00:00","dateModified":"2025-07-31T17:27:34+00:00","description":"D\u0101vini sv\u0113tkos piedz\u012bvojumu! Unik\u0101la d\u0101vana - \u012bpa\u0161i izveidoti auto ce\u013cojumu mar\u0161ruti pa Latvijas skaist\u0101kaj\u0101m un apsl\u0113pt\u0101kaj\u0101m viet\u0101m.","breadcrumb":{"@id":"https:\/\/www.selfdrivelatvia.com\/en\/product\/4x4-tour-experts-pakalpojums\/#breadcrumb"},"inLanguage":"en-US","potentialAction":[{"@type":"ReadAction","target":["https:\/\/www.selfdrivelatvia.com\/en\/product\/4x4-tour-experts-pakalpojums\/"]}]},{"@type":"ImageObject","inLanguage":"en-US","@id":"https:\/\/www.selfdrivelatvia.com\/en\/product\/4x4-tour-experts-pakalpojums\/#primaryimage","url":"https:\/\/www.selfdrivelatvia.com\/wp-content\/uploads\/2025\/07\/DSC_0116-1024x680-2.jpg","contentUrl":"https:\/\/www.selfdrivelatvia.com\/wp-content\/uploads\/2025\/07\/DSC_0116-1024x680-2.jpg","width":1024,"height":680},{"@type":"BreadcrumbList","@id":"https:\/\/www.selfdrivelatvia.com\/en\/product\/4x4-tour-experts-pakalpojums\/#breadcrumb","itemListElement":[{"@type":"ListItem","position":1,"name":"Home","item":"https:\/\/www.selfdrivelatvia.com\/en\/"},{"@type":"ListItem","position":2,"name":"Shop","item":"https:\/\/www.selfdrivelatvia.com\/en\/shop-2\/"},{"@type":"ListItem","position":3,"name":"&#8220;4&#215;4 Tour Experts&#8221; pakalpojums"}]},{"@type":"WebSite","@id":"https:\/\/www.selfdrivelatvia.com\/en\/#website","url":"https:\/\/www.selfdrivelatvia.com\/en\/","name":"Self Drive Latvia","description":"Auto ce\u013cojumu mar\u0161ruti pa Latviju","potentialAction":[{"@type":"SearchAction","target":{"@type":"EntryPoint","urlTemplate":"https:\/\/www.selfdrivelatvia.com\/en\/?s={search_term_string}"},"query-input":{"@type":"PropertyValueSpecification","valueRequired":true,"valueName":"search_term_string"}}],"inLanguage":"en-US"}]}},"_links":{"self":[{"href":"https:\/\/www.selfdrivelatvia.com\/en\/wp-json\/wp\/v2\/product\/11206","targetHints":{"allow":["GET"]}}],"collection":[{"href":"https:\/\/www.selfdrivelatvia.com\/en\/wp-json\/wp\/v2\/product"}],"about":[{"href":"https:\/\/www.selfdrivelatvia.com\/en\/wp-json\/wp\/v2\/types\/product"}],"replies":[{"embeddable":true,"href":"https:\/\/www.selfdrivelatvia.com\/en\/wp-json\/wp\/v2\/comments?post=11206"}],"wp:featuredmedia":[{"embeddable":true,"href":"https:\/\/www.selfdrivelatvia.com\/en\/wp-json\/wp\/v2\/media\/11230"}],"wp:attachment":[{"href":"https:\/\/www.selfdrivelatvia.com\/en\/wp-json\/wp\/v2\/media?parent=11206"}],"wp:term":[{"taxonomy":"product_brand","embeddable":true,"href":"https:\/\/www.selfdrivelatvia.com\/en\/wp-json\/wp\/v2\/product_brand?post=11206"},{"taxonomy":"product_cat","embeddable":true,"href":"https:\/\/www.selfdrivelatvia.com\/en\/wp-json\/wp\/v2\/product_cat?post=11206"},{"taxonomy":"product_tag","embeddable":true,"href":"https:\/\/www.selfdrivelatvia.com\/en\/wp-json\/wp\/v2\/product_tag?post=11206"}],"curies":[{"name":"wp","href":"https:\/\/api.w.org\/{rel}","templated":true}]}}